{"id":3910,"date":"2023-10-25T20:21:35","date_gmt":"2023-10-25T18:21:35","guid":{"rendered":"https:\/\/www.puentecolganteboutiquehotel.com\/recompenses\/"},"modified":"2026-02-18T17:41:40","modified_gmt":"2026-02-18T16:41:40","slug":"recompenses","status":"publish","type":"page","link":"https:\/\/www.puentecolganteboutiquehotel.com\/fr\/recompenses\/","title":{"rendered":"R\u00e9compenses"},"content":{"rendered":"\t\t<div data-elementor-type=\"wp-page\" data-elementor-id=\"3910\" class=\"elementor elementor-3910 elementor-3706\" data-elementor-post-type=\"page\">\n\t\t\t\t<div class=\"elementor-element elementor-element-4e84454 e-flex e-con-boxed e-con e-parent\" data-id=\"4e84454\" data-element_type=\"container\" data-e-type=\"container\" data-settings=\"{&quot;background_background&quot;:&quot;classic&quot;}\">\n\t\t\t\t\t<div class=\"e-con-inner\">\n\t\t<div class=\"elementor-element elementor-element-8ffffe2 e-con-full e-flex e-con e-child\" data-id=\"8ffffe2\" data-element_type=\"container\" data-e-type=\"container\">\n\t\t\t\t<div class=\"elementor-element elementor-element-6c1eb94 elementor-widget elementor-widget-heading\" data-id=\"6c1eb94\" data-element_type=\"widget\" data-e-type=\"widget\" data-widget_type=\"heading.default\">\n\t\t\t\t<div class=\"elementor-widget-container\">\n\t\t\t\t\t<h2 class=\"elementor-heading-title elementor-size-default\">R\u00c9COMPENSES<\/h2>\t\t\t\t<\/div>\n\t\t\t\t<\/div>\n\t\t\t\t<div class=\"elementor-element elementor-element-2a97fa4 elementor-widget-divider--view-line elementor-widget elementor-widget-divider\" data-id=\"2a97fa4\" data-element_type=\"widget\" data-e-type=\"widget\" data-widget_type=\"divider.default\">\n\t\t\t\t<div class=\"elementor-widget-container\">\n\t\t\t\t\t\t\t<div class=\"elementor-divider\">\n\t\t\t<span class=\"elementor-divider-separator\">\n\t\t\t\t\t\t<\/span>\n\t\t<\/div>\n\t\t\t\t\t\t<\/div>\n\t\t\t\t<\/div>\n\t\t\t\t<div class=\"elementor-element elementor-element-4d652d4 elementor-widget elementor-widget-heading\" data-id=\"4d652d4\" data-element_type=\"widget\" data-e-type=\"widget\" data-widget_type=\"heading.default\">\n\t\t\t\t<div class=\"elementor-widget-container\">\n\t\t\t\t\t<h2 class=\"elementor-heading-title elementor-size-default\">Voici quelques-unes des r\u00e9compenses et distinctions qui nous ont \u00e9t\u00e9 d\u00e9cern\u00e9es.<\/h2>\t\t\t\t<\/div>\n\t\t\t\t<\/div>\n\t\t\t\t<\/div>\n\t\t<div class=\"elementor-element elementor-element-1f19f91 e-flex e-con-boxed elementor-invisible e-con e-child\" data-id=\"1f19f91\" data-element_type=\"container\" data-e-type=\"container\" data-settings=\"{&quot;animation&quot;:&quot;fadeInUp&quot;}\">\n\t\t\t\t\t<div class=\"e-con-inner\">\n\t\t<div class=\"elementor-element elementor-element-5c97f80 e-flex e-con-boxed e-con e-child\" data-id=\"5c97f80\" data-element_type=\"container\" data-e-type=\"container\">\n\t\t\t\t\t<div class=\"e-con-inner\">\n\t\t\t\t<div class=\"elementor-element elementor-element-b3aa6c1 elementor-widget elementor-widget-image\" data-id=\"b3aa6c1\" data-element_type=\"widget\" data-e-type=\"widget\" data-widget_type=\"image.default\">\n\t\t\t\t<div class=\"elementor-widget-container\">\n\t\t\t\t\t\t\t\t\t\t\t\t\t\t\t<img fetchpriority=\"high\" decoding=\"async\" width=\"800\" height=\"534\" src=\"https:\/\/www.puentecolganteboutiquehotel.com\/wp-content\/uploads\/2026\/02\/premios-est5.png\" class=\"attachment-large size-large wp-image-5529\" alt=\"\" srcset=\"https:\/\/www.puentecolganteboutiquehotel.com\/wp-content\/uploads\/2026\/02\/premios-est5.png 1024w, https:\/\/www.puentecolganteboutiquehotel.com\/wp-content\/uploads\/2026\/02\/premios-est5-300x200.png 300w, https:\/\/www.puentecolganteboutiquehotel.com\/wp-content\/uploads\/2026\/02\/premios-est5-768x512.png 768w\" sizes=\"(max-width: 800px) 100vw, 800px\" \/>\t\t\t\t\t\t\t\t\t\t\t\t\t\t\t<\/div>\n\t\t\t\t<\/div>\n\t\t<div class=\"elementor-element elementor-element-53508f7 e-flex e-con-boxed e-con e-child\" data-id=\"53508f7\" data-element_type=\"container\" data-e-type=\"container\">\n\t\t\t\t\t<div class=\"e-con-inner\">\n\t\t\t\t<div class=\"elementor-element elementor-element-a07e668 elementor-widget elementor-widget-heading\" data-id=\"a07e668\" data-element_type=\"widget\" data-e-type=\"widget\" data-widget_type=\"heading.default\">\n\t\t\t\t<div class=\"elementor-widget-container\">\n\t\t\t\t\t<h2 class=\"elementor-heading-title elementor-size-default\">Zuri\u00f1e Garc\u00eda re\u00e7oit son premier Soleil du Guide Repsol pour El Paladar, s\u2019imposant comme une r\u00e9f\u00e9rence de la gastronomie de Bizkaia.<\/h2>\t\t\t\t<\/div>\n\t\t\t\t<\/div>\n\t\t\t\t<div class=\"elementor-element elementor-element-c577146 elementor-widget elementor-widget-button\" data-id=\"c577146\" data-element_type=\"widget\" data-e-type=\"widget\" data-widget_type=\"button.default\">\n\t\t\t\t<div class=\"elementor-widget-container\">\n\t\t\t\t\t\t\t\t\t<div class=\"elementor-button-wrapper\">\n\t\t\t\t\t<a class=\"elementor-button elementor-button-link elementor-size-sm\" href=\"https:\/\/www.elcorreo.com\/jantour\/restaurantes\/restaurante-portugalujo-zurine-garcia-premiado-primer-sol-20260216200004-nt.html\" target=\"_blank\">\n\t\t\t\t\t\t<span class=\"elementor-button-content-wrapper\">\n\t\t\t\t\t\t\t\t\t<span class=\"elementor-button-text\">LIEN<\/span>\n\t\t\t\t\t<\/span>\n\t\t\t\t\t<\/a>\n\t\t\t\t<\/div>\n\t\t\t\t\t\t\t\t<\/div>\n\t\t\t\t<\/div>\n\t\t\t\t\t<\/div>\n\t\t\t\t<\/div>\n\t\t\t\t\t<\/div>\n\t\t\t\t<\/div>\n\t\t<div class=\"elementor-element elementor-element-c11aa1c e-con-full e-flex e-con e-child\" data-id=\"c11aa1c\" data-element_type=\"container\" data-e-type=\"container\">\n\t\t\t\t<div class=\"elementor-element elementor-element-b9fdc3f elementor-widget elementor-widget-image\" data-id=\"b9fdc3f\" data-element_type=\"widget\" data-e-type=\"widget\" data-widget_type=\"image.default\">\n\t\t\t\t<div class=\"elementor-widget-container\">\n\t\t\t\t\t\t\t\t\t\t\t\t\t\t\t<img decoding=\"async\" width=\"800\" height=\"534\" src=\"https:\/\/www.puentecolganteboutiquehotel.com\/wp-content\/uploads\/2023\/10\/premios-est.jpeg\" class=\"attachment-large size-large wp-image-3911\" alt=\"\" srcset=\"https:\/\/www.puentecolganteboutiquehotel.com\/wp-content\/uploads\/2023\/10\/premios-est.jpeg 1024w, https:\/\/www.puentecolganteboutiquehotel.com\/wp-content\/uploads\/2023\/10\/premios-est-300x200.jpeg 300w, https:\/\/www.puentecolganteboutiquehotel.com\/wp-content\/uploads\/2023\/10\/premios-est-768x512.jpeg 768w\" sizes=\"(max-width: 800px) 100vw, 800px\" \/>\t\t\t\t\t\t\t\t\t\t\t\t\t\t\t<\/div>\n\t\t\t\t<\/div>\n\t\t<div class=\"elementor-element elementor-element-f5a1720 e-flex e-con-boxed e-con e-child\" data-id=\"f5a1720\" data-element_type=\"container\" data-e-type=\"container\">\n\t\t\t\t\t<div class=\"e-con-inner\">\n\t\t\t\t<div class=\"elementor-element elementor-element-cb2208e elementor-widget elementor-widget-heading\" data-id=\"cb2208e\" data-element_type=\"widget\" data-e-type=\"widget\" data-widget_type=\"heading.default\">\n\t\t\t\t<div class=\"elementor-widget-container\">\n\t\t\t\t\t<h2 class=\"elementor-heading-title elementor-size-default\">Prix Roca de l\u2019initiative h\u00f4teli\u00e8re, juin 2022, Barcelone. Laur\u00e9at dans la cat\u00e9gorie R\u00e9novation.<\/h2>\t\t\t\t<\/div>\n\t\t\t\t<\/div>\n\t\t\t\t<div class=\"elementor-element elementor-element-f74e423 elementor-widget elementor-widget-button\" data-id=\"f74e423\" data-element_type=\"widget\" data-e-type=\"widget\" data-widget_type=\"button.default\">\n\t\t\t\t<div class=\"elementor-widget-container\">\n\t\t\t\t\t\t\t\t\t<div class=\"elementor-button-wrapper\">\n\t\t\t\t\t<a class=\"elementor-button elementor-button-link elementor-size-sm\" href=\"http:\/\/www.premiosrocahotel.com\/es\/edici%C3%B3n-2020-2022_105601\" target=\"_blank\">\n\t\t\t\t\t\t<span class=\"elementor-button-content-wrapper\">\n\t\t\t\t\t\t\t\t\t<span class=\"elementor-button-text\">LIEN<\/span>\n\t\t\t\t\t<\/span>\n\t\t\t\t\t<\/a>\n\t\t\t\t<\/div>\n\t\t\t\t\t\t\t\t<\/div>\n\t\t\t\t<\/div>\n\t\t\t\t\t<\/div>\n\t\t\t\t<\/div>\n\t\t\t\t<\/div>\n\t\t<div class=\"elementor-element elementor-element-4ad623b e-flex e-con-boxed e-con e-child\" data-id=\"4ad623b\" data-element_type=\"container\" data-e-type=\"container\">\n\t\t\t\t\t<div class=\"e-con-inner\">\n\t\t\t\t<div class=\"elementor-element elementor-element-06fc7d2 elementor-widget elementor-widget-image\" data-id=\"06fc7d2\" data-element_type=\"widget\" data-e-type=\"widget\" data-widget_type=\"image.default\">\n\t\t\t\t<div class=\"elementor-widget-container\">\n\t\t\t\t\t\t\t\t\t\t\t\t\t\t\t<img decoding=\"async\" width=\"800\" height=\"534\" src=\"https:\/\/www.puentecolganteboutiquehotel.com\/wp-content\/uploads\/2023\/10\/premios-est2.jpg\" class=\"attachment-large size-large wp-image-3912\" alt=\"\" srcset=\"https:\/\/www.puentecolganteboutiquehotel.com\/wp-content\/uploads\/2023\/10\/premios-est2.jpg 1024w, https:\/\/www.puentecolganteboutiquehotel.com\/wp-content\/uploads\/2023\/10\/premios-est2-300x200.jpg 300w, https:\/\/www.puentecolganteboutiquehotel.com\/wp-content\/uploads\/2023\/10\/premios-est2-768x512.jpg 768w\" sizes=\"(max-width: 800px) 100vw, 800px\" \/>\t\t\t\t\t\t\t\t\t\t\t\t\t\t\t<\/div>\n\t\t\t\t<\/div>\n\t\t<div class=\"elementor-element elementor-element-fe14ed6 e-flex e-con-boxed e-con e-child\" data-id=\"fe14ed6\" data-element_type=\"container\" data-e-type=\"container\">\n\t\t\t\t\t<div class=\"e-con-inner\">\n\t\t\t\t<div class=\"elementor-element elementor-element-fa9e160 elementor-widget elementor-widget-heading\" data-id=\"fa9e160\" data-element_type=\"widget\" data-e-type=\"widget\" data-widget_type=\"heading.default\">\n\t\t\t\t<div class=\"elementor-widget-container\">\n\t\t\t\t\t<h2 class=\"elementor-heading-title elementor-size-default\">Prix Tourisme, Commerce et Consommation, novembre 2022, Vitoria, Pays basque. R\u00e9compens\u00e9 dans la cat\u00e9gorie Tourisme innovation<\/h2>\t\t\t\t<\/div>\n\t\t\t\t<\/div>\n\t\t\t\t<div class=\"elementor-element elementor-element-771fd2e elementor-widget elementor-widget-button\" data-id=\"771fd2e\" data-element_type=\"widget\" data-e-type=\"widget\" data-widget_type=\"button.default\">\n\t\t\t\t<div class=\"elementor-widget-container\">\n\t\t\t\t\t\t\t\t\t<div class=\"elementor-button-wrapper\">\n\t\t\t\t\t<a class=\"elementor-button elementor-button-link elementor-size-sm\" href=\"https:\/\/www.euskadi.eus\/gobierno-vasco\/-\/noticia\/2022\/los-premios-euskadi-turismo-comercio-y-consumo-reconocen-trayectorias-innovacion-y-excelencia-ano-marcado-recuperacion\/\" target=\"_blank\">\n\t\t\t\t\t\t<span class=\"elementor-button-content-wrapper\">\n\t\t\t\t\t\t\t\t\t<span class=\"elementor-button-text\">LIEN<\/span>\n\t\t\t\t\t<\/span>\n\t\t\t\t\t<\/a>\n\t\t\t\t<\/div>\n\t\t\t\t\t\t\t\t<\/div>\n\t\t\t\t<\/div>\n\t\t\t\t\t<\/div>\n\t\t\t\t<\/div>\n\t\t\t\t\t<\/div>\n\t\t\t\t<\/div>\n\t\t<div class=\"elementor-element elementor-element-1279ff9 e-flex e-con-boxed e-con e-child\" data-id=\"1279ff9\" data-element_type=\"container\" data-e-type=\"container\">\n\t\t\t\t\t<div class=\"e-con-inner\">\n\t\t\t\t<div class=\"elementor-element elementor-element-10937c3 elementor-widget elementor-widget-image\" data-id=\"10937c3\" data-element_type=\"widget\" data-e-type=\"widget\" data-widget_type=\"image.default\">\n\t\t\t\t<div class=\"elementor-widget-container\">\n\t\t\t\t\t\t\t\t\t\t\t\t\t\t\t<img loading=\"lazy\" decoding=\"async\" width=\"800\" height=\"534\" src=\"https:\/\/www.puentecolganteboutiquehotel.com\/wp-content\/uploads\/2023\/10\/premios-est3.jpg\" class=\"attachment-large size-large wp-image-3913\" alt=\"\" srcset=\"https:\/\/www.puentecolganteboutiquehotel.com\/wp-content\/uploads\/2023\/10\/premios-est3.jpg 1024w, https:\/\/www.puentecolganteboutiquehotel.com\/wp-content\/uploads\/2023\/10\/premios-est3-300x200.jpg 300w, https:\/\/www.puentecolganteboutiquehotel.com\/wp-content\/uploads\/2023\/10\/premios-est3-768x512.jpg 768w\" sizes=\"(max-width: 800px) 100vw, 800px\" \/>\t\t\t\t\t\t\t\t\t\t\t\t\t\t\t<\/div>\n\t\t\t\t<\/div>\n\t\t<div class=\"elementor-element elementor-element-2939f25 e-flex e-con-boxed e-con e-child\" data-id=\"2939f25\" data-element_type=\"container\" data-e-type=\"container\">\n\t\t\t\t\t<div class=\"e-con-inner\">\n\t\t\t\t<div class=\"elementor-element elementor-element-11db965 elementor-widget elementor-widget-heading\" data-id=\"11db965\" data-element_type=\"widget\" data-e-type=\"widget\" data-widget_type=\"heading.default\">\n\t\t\t\t<div class=\"elementor-widget-container\">\n\t\t\t\t\t<h2 class=\"elementor-heading-title elementor-size-default\">Nous avons \u00e9t\u00e9 mentionn\u00e9s dans un article de la prestigieuse revue National Geographic.<\/h2>\t\t\t\t<\/div>\n\t\t\t\t<\/div>\n\t\t\t\t<div class=\"elementor-element elementor-element-143be25 elementor-widget elementor-widget-button\" data-id=\"143be25\" data-element_type=\"widget\" data-e-type=\"widget\" data-widget_type=\"button.default\">\n\t\t\t\t<div class=\"elementor-widget-container\">\n\t\t\t\t\t\t\t\t\t<div class=\"elementor-button-wrapper\">\n\t\t\t\t\t<a class=\"elementor-button elementor-button-link elementor-size-sm\" href=\"https:\/\/viajes.nationalgeographic.com.es\/lifestyle\/costa-vasca-traves-nueve-hoteles-rodeados-naturaleza_19369\" target=\"_blank\">\n\t\t\t\t\t\t<span class=\"elementor-button-content-wrapper\">\n\t\t\t\t\t\t\t\t\t<span class=\"elementor-button-text\">LIEN<\/span>\n\t\t\t\t\t<\/span>\n\t\t\t\t\t<\/a>\n\t\t\t\t<\/div>\n\t\t\t\t\t\t\t\t<\/div>\n\t\t\t\t<\/div>\n\t\t\t\t\t<\/div>\n\t\t\t\t<\/div>\n\t\t\t\t\t<\/div>\n\t\t\t\t<\/div>\n\t\t<div class=\"elementor-element elementor-element-25d5fd6 e-flex e-con-boxed e-con e-child\" data-id=\"25d5fd6\" data-element_type=\"container\" data-e-type=\"container\">\n\t\t\t\t\t<div class=\"e-con-inner\">\n\t\t\t\t<div class=\"elementor-element elementor-element-e94fd17 elementor-widget elementor-widget-image\" data-id=\"e94fd17\" data-element_type=\"widget\" data-e-type=\"widget\" data-widget_type=\"image.default\">\n\t\t\t\t<div class=\"elementor-widget-container\">\n\t\t\t\t\t\t\t\t\t\t\t\t\t\t\t<img loading=\"lazy\" decoding=\"async\" width=\"800\" height=\"534\" src=\"https:\/\/www.puentecolganteboutiquehotel.com\/wp-content\/uploads\/2023\/10\/premios-est4.jpg\" class=\"attachment-large size-large wp-image-3914\" alt=\"\" srcset=\"https:\/\/www.puentecolganteboutiquehotel.com\/wp-content\/uploads\/2023\/10\/premios-est4.jpg 1024w, https:\/\/www.puentecolganteboutiquehotel.com\/wp-content\/uploads\/2023\/10\/premios-est4-300x200.jpg 300w, https:\/\/www.puentecolganteboutiquehotel.com\/wp-content\/uploads\/2023\/10\/premios-est4-768x512.jpg 768w\" sizes=\"(max-width: 800px) 100vw, 800px\" \/>\t\t\t\t\t\t\t\t\t\t\t\t\t\t\t<\/div>\n\t\t\t\t<\/div>\n\t\t<div class=\"elementor-element elementor-element-c131401 e-flex e-con-boxed e-con e-child\" data-id=\"c131401\" data-element_type=\"container\" data-e-type=\"container\">\n\t\t\t\t\t<div class=\"e-con-inner\">\n\t\t\t\t<div class=\"elementor-element elementor-element-02e3785 elementor-widget elementor-widget-heading\" data-id=\"02e3785\" data-element_type=\"widget\" data-e-type=\"widget\" data-widget_type=\"heading.default\">\n\t\t\t\t<div class=\"elementor-widget-container\">\n\t\t\t\t\t<h2 class=\"elementor-heading-title elementor-size-default\">Les prix KAYAK Travel Awards mettent en avant les h\u00e9bergements les mieux not\u00e9s et encouragent les voyageurs \u00e0 leur faire confiance et \u00e0 y s\u00e9journer. Les KAYAK Travel Awards sont bas\u00e9s sur les avis et les notes de voyageurs r\u00e9els.<\/h2>\t\t\t\t<\/div>\n\t\t\t\t<\/div>\n\t\t\t\t\t<\/div>\n\t\t\t\t<\/div>\n\t\t\t\t\t<\/div>\n\t\t\t\t<\/div>\n\t\t\t\t\t<\/div>\n\t\t\t\t<\/div>\n\t\t\t\t\t<\/div>\n\t\t\t\t<\/div>\n\t\t\t\t<\/div>\n\t\t","protected":false},"excerpt":{"rendered":"<p>R\u00c9COMPENSES Voici quelques-unes des r\u00e9compenses et distinctions qui nous ont \u00e9t\u00e9 d\u00e9cern\u00e9es. Zuri\u00f1e Garc\u00eda re\u00e7oit son premier Soleil du Guide Repsol pour El Paladar, s\u2019imposant comme une r\u00e9f\u00e9rence de la gastronomie de Bizkaia. LIEN Prix Roca de l\u2019initiative h\u00f4teli\u00e8re, juin 2022, Barcelone. Laur\u00e9at dans la cat\u00e9gorie R\u00e9novation. LIEN Prix Tourisme, Commerce et Consommation, novembre 2022, [&hellip;]<\/p>\n","protected":false},"author":1,"featured_media":0,"parent":0,"menu_order":0,"comment_status":"closed","ping_status":"closed","template":"","meta":{"inline_featured_image":false,"footnotes":""},"class_list":["post-3910","page","type-page","status-publish","hentry"],"yoast_head":"<!-- This site is optimized with the Yoast SEO plugin v27.3 - https:\/\/yoast.com\/product\/yoast-seo-wordpress\/ -->\n<title>R\u00e9compenses -<\/title>\n<meta name=\"robots\" content=\"index, follow, max-snippet:-1, max-image-preview:large, max-video-preview:-1\" \/>\n<link rel=\"canonical\" href=\"https:\/\/www.puentecolganteboutiquehotel.com\/premios\/\" \/>\n<meta property=\"og:locale\" content=\"fr_FR\" \/>\n<meta property=\"og:type\" content=\"article\" \/>\n<meta property=\"og:title\" content=\"R\u00e9compenses -\" \/>\n<meta property=\"og:description\" content=\"R\u00c9COMPENSES Voici quelques-unes des r\u00e9compenses et distinctions qui nous ont \u00e9t\u00e9 d\u00e9cern\u00e9es. Zuri\u00f1e Garc\u00eda re\u00e7oit son premier Soleil du Guide Repsol pour El Paladar, s\u2019imposant comme une r\u00e9f\u00e9rence de la gastronomie de Bizkaia. LIEN Prix Roca de l\u2019initiative h\u00f4teli\u00e8re, juin 2022, Barcelone. Laur\u00e9at dans la cat\u00e9gorie R\u00e9novation. LIEN Prix Tourisme, Commerce et Consommation, novembre 2022, [&hellip;]\" \/>\n<meta property=\"og:url\" content=\"https:\/\/www.puentecolganteboutiquehotel.com\/premios\/\" \/>\n<meta property=\"article:modified_time\" content=\"2026-02-18T16:41:40+00:00\" \/>\n<meta property=\"og:image\" content=\"https:\/\/www.puentecolganteboutiquehotel.com\/wp-content\/uploads\/2026\/02\/premios-est5.png\" \/>\n\t<meta property=\"og:image:width\" content=\"1024\" \/>\n\t<meta property=\"og:image:height\" content=\"683\" \/>\n\t<meta property=\"og:image:type\" content=\"image\/png\" \/>\n<meta name=\"twitter:card\" content=\"summary_large_image\" \/>\n<meta name=\"twitter:label1\" content=\"Dur\u00e9e de lecture estim\u00e9e\" \/>\n\t<meta name=\"twitter:data1\" content=\"1 minute\" \/>\n<script type=\"application\/ld+json\" class=\"yoast-schema-graph\">{\"@context\":\"https:\\\/\\\/schema.org\",\"@graph\":[{\"@type\":\"WebPage\",\"@id\":\"https:\\\/\\\/www.puentecolganteboutiquehotel.com\\\/premios\\\/\",\"url\":\"https:\\\/\\\/www.puentecolganteboutiquehotel.com\\\/premios\\\/\",\"name\":\"R\u00e9compenses -\",\"isPartOf\":{\"@id\":\"https:\\\/\\\/www.puentecolganteboutiquehotel.com\\\/#website\"},\"primaryImageOfPage\":{\"@id\":\"https:\\\/\\\/www.puentecolganteboutiquehotel.com\\\/premios\\\/#primaryimage\"},\"image\":{\"@id\":\"https:\\\/\\\/www.puentecolganteboutiquehotel.com\\\/premios\\\/#primaryimage\"},\"thumbnailUrl\":\"https:\\\/\\\/www.puentecolganteboutiquehotel.com\\\/wp-content\\\/uploads\\\/2026\\\/02\\\/premios-est5.png\",\"datePublished\":\"2023-10-25T18:21:35+00:00\",\"dateModified\":\"2026-02-18T16:41:40+00:00\",\"breadcrumb\":{\"@id\":\"https:\\\/\\\/www.puentecolganteboutiquehotel.com\\\/premios\\\/#breadcrumb\"},\"inLanguage\":\"fr-FR\",\"potentialAction\":[{\"@type\":\"ReadAction\",\"target\":[\"https:\\\/\\\/www.puentecolganteboutiquehotel.com\\\/premios\\\/\"]}]},{\"@type\":\"ImageObject\",\"inLanguage\":\"fr-FR\",\"@id\":\"https:\\\/\\\/www.puentecolganteboutiquehotel.com\\\/premios\\\/#primaryimage\",\"url\":\"https:\\\/\\\/www.puentecolganteboutiquehotel.com\\\/wp-content\\\/uploads\\\/2026\\\/02\\\/premios-est5.png\",\"contentUrl\":\"https:\\\/\\\/www.puentecolganteboutiquehotel.com\\\/wp-content\\\/uploads\\\/2026\\\/02\\\/premios-est5.png\"},{\"@type\":\"BreadcrumbList\",\"@id\":\"https:\\\/\\\/www.puentecolganteboutiquehotel.com\\\/premios\\\/#breadcrumb\",\"itemListElement\":[{\"@type\":\"ListItem\",\"position\":1,\"name\":\"Portada\",\"item\":\"https:\\\/\\\/www.puentecolganteboutiquehotel.com\\\/\"},{\"@type\":\"ListItem\",\"position\":2,\"name\":\"R\u00e9compenses\"}]},{\"@type\":\"WebSite\",\"@id\":\"https:\\\/\\\/www.puentecolganteboutiquehotel.com\\\/#website\",\"url\":\"https:\\\/\\\/www.puentecolganteboutiquehotel.com\\\/\",\"name\":\"\",\"description\":\"\",\"publisher\":{\"@id\":\"https:\\\/\\\/www.puentecolganteboutiquehotel.com\\\/#organization\"},\"potentialAction\":[{\"@type\":\"SearchAction\",\"target\":{\"@type\":\"EntryPoint\",\"urlTemplate\":\"https:\\\/\\\/www.puentecolganteboutiquehotel.com\\\/?s={search_term_string}\"},\"query-input\":{\"@type\":\"PropertyValueSpecification\",\"valueRequired\":true,\"valueName\":\"search_term_string\"}}],\"inLanguage\":\"fr-FR\"},{\"@type\":\"Organization\",\"@id\":\"https:\\\/\\\/www.puentecolganteboutiquehotel.com\\\/#organization\",\"name\":\"PCBH\",\"url\":\"https:\\\/\\\/www.puentecolganteboutiquehotel.com\\\/\",\"logo\":{\"@type\":\"ImageObject\",\"inLanguage\":\"fr-FR\",\"@id\":\"https:\\\/\\\/www.puentecolganteboutiquehotel.com\\\/#\\\/schema\\\/logo\\\/image\\\/\",\"url\":\"https:\\\/\\\/www.puentecolganteboutiquehotel.com\\\/wp-content\\\/uploads\\\/2020\\\/06\\\/PCBH-logocorto-header.svg\",\"contentUrl\":\"https:\\\/\\\/www.puentecolganteboutiquehotel.com\\\/wp-content\\\/uploads\\\/2020\\\/06\\\/PCBH-logocorto-header.svg\",\"width\":432,\"height\":122,\"caption\":\"PCBH\"},\"image\":{\"@id\":\"https:\\\/\\\/www.puentecolganteboutiquehotel.com\\\/#\\\/schema\\\/logo\\\/image\\\/\"}}]}<\/script>\n<!-- \/ Yoast SEO plugin. -->","yoast_head_json":{"title":"R\u00e9compenses -","robots":{"index":"index","follow":"follow","max-snippet":"max-snippet:-1","max-image-preview":"max-image-preview:large","max-video-preview":"max-video-preview:-1"},"canonical":"https:\/\/www.puentecolganteboutiquehotel.com\/premios\/","og_locale":"fr_FR","og_type":"article","og_title":"R\u00e9compenses -","og_description":"R\u00c9COMPENSES Voici quelques-unes des r\u00e9compenses et distinctions qui nous ont \u00e9t\u00e9 d\u00e9cern\u00e9es. Zuri\u00f1e Garc\u00eda re\u00e7oit son premier Soleil du Guide Repsol pour El Paladar, s\u2019imposant comme une r\u00e9f\u00e9rence de la gastronomie de Bizkaia. LIEN Prix Roca de l\u2019initiative h\u00f4teli\u00e8re, juin 2022, Barcelone. Laur\u00e9at dans la cat\u00e9gorie R\u00e9novation. LIEN Prix Tourisme, Commerce et Consommation, novembre 2022, [&hellip;]","og_url":"https:\/\/www.puentecolganteboutiquehotel.com\/premios\/","article_modified_time":"2026-02-18T16:41:40+00:00","og_image":[{"width":1024,"height":683,"url":"https:\/\/www.puentecolganteboutiquehotel.com\/wp-content\/uploads\/2026\/02\/premios-est5.png","type":"image\/png"}],"twitter_card":"summary_large_image","twitter_misc":{"Dur\u00e9e de lecture estim\u00e9e":"1 minute"},"schema":{"@context":"https:\/\/schema.org","@graph":[{"@type":"WebPage","@id":"https:\/\/www.puentecolganteboutiquehotel.com\/premios\/","url":"https:\/\/www.puentecolganteboutiquehotel.com\/premios\/","name":"R\u00e9compenses -","isPartOf":{"@id":"https:\/\/www.puentecolganteboutiquehotel.com\/#website"},"primaryImageOfPage":{"@id":"https:\/\/www.puentecolganteboutiquehotel.com\/premios\/#primaryimage"},"image":{"@id":"https:\/\/www.puentecolganteboutiquehotel.com\/premios\/#primaryimage"},"thumbnailUrl":"https:\/\/www.puentecolganteboutiquehotel.com\/wp-content\/uploads\/2026\/02\/premios-est5.png","datePublished":"2023-10-25T18:21:35+00:00","dateModified":"2026-02-18T16:41:40+00:00","breadcrumb":{"@id":"https:\/\/www.puentecolganteboutiquehotel.com\/premios\/#breadcrumb"},"inLanguage":"fr-FR","potentialAction":[{"@type":"ReadAction","target":["https:\/\/www.puentecolganteboutiquehotel.com\/premios\/"]}]},{"@type":"ImageObject","inLanguage":"fr-FR","@id":"https:\/\/www.puentecolganteboutiquehotel.com\/premios\/#primaryimage","url":"https:\/\/www.puentecolganteboutiquehotel.com\/wp-content\/uploads\/2026\/02\/premios-est5.png","contentUrl":"https:\/\/www.puentecolganteboutiquehotel.com\/wp-content\/uploads\/2026\/02\/premios-est5.png"},{"@type":"BreadcrumbList","@id":"https:\/\/www.puentecolganteboutiquehotel.com\/premios\/#breadcrumb","itemListElement":[{"@type":"ListItem","position":1,"name":"Portada","item":"https:\/\/www.puentecolganteboutiquehotel.com\/"},{"@type":"ListItem","position":2,"name":"R\u00e9compenses"}]},{"@type":"WebSite","@id":"https:\/\/www.puentecolganteboutiquehotel.com\/#website","url":"https:\/\/www.puentecolganteboutiquehotel.com\/","name":"","description":"","publisher":{"@id":"https:\/\/www.puentecolganteboutiquehotel.com\/#organization"},"potentialAction":[{"@type":"SearchAction","target":{"@type":"EntryPoint","urlTemplate":"https:\/\/www.puentecolganteboutiquehotel.com\/?s={search_term_string}"},"query-input":{"@type":"PropertyValueSpecification","valueRequired":true,"valueName":"search_term_string"}}],"inLanguage":"fr-FR"},{"@type":"Organization","@id":"https:\/\/www.puentecolganteboutiquehotel.com\/#organization","name":"PCBH","url":"https:\/\/www.puentecolganteboutiquehotel.com\/","logo":{"@type":"ImageObject","inLanguage":"fr-FR","@id":"https:\/\/www.puentecolganteboutiquehotel.com\/#\/schema\/logo\/image\/","url":"https:\/\/www.puentecolganteboutiquehotel.com\/wp-content\/uploads\/2020\/06\/PCBH-logocorto-header.svg","contentUrl":"https:\/\/www.puentecolganteboutiquehotel.com\/wp-content\/uploads\/2020\/06\/PCBH-logocorto-header.svg","width":432,"height":122,"caption":"PCBH"},"image":{"@id":"https:\/\/www.puentecolganteboutiquehotel.com\/#\/schema\/logo\/image\/"}}]}},"_links":{"self":[{"href":"https:\/\/www.puentecolganteboutiquehotel.com\/fr\/wp-json\/wp\/v2\/pages\/3910","targetHints":{"allow":["GET"]}}],"collection":[{"href":"https:\/\/www.puentecolganteboutiquehotel.com\/fr\/wp-json\/wp\/v2\/pages"}],"about":[{"href":"https:\/\/www.puentecolganteboutiquehotel.com\/fr\/wp-json\/wp\/v2\/types\/page"}],"author":[{"embeddable":true,"href":"https:\/\/www.puentecolganteboutiquehotel.com\/fr\/wp-json\/wp\/v2\/users\/1"}],"replies":[{"embeddable":true,"href":"https:\/\/www.puentecolganteboutiquehotel.com\/fr\/wp-json\/wp\/v2\/comments?post=3910"}],"version-history":[{"count":2,"href":"https:\/\/www.puentecolganteboutiquehotel.com\/fr\/wp-json\/wp\/v2\/pages\/3910\/revisions"}],"predecessor-version":[{"id":5536,"href":"https:\/\/www.puentecolganteboutiquehotel.com\/fr\/wp-json\/wp\/v2\/pages\/3910\/revisions\/5536"}],"wp:attachment":[{"href":"https:\/\/www.puentecolganteboutiquehotel.com\/fr\/wp-json\/wp\/v2\/media?parent=3910"}],"curies":[{"name":"wp","href":"https:\/\/api.w.org\/{rel}","templated":true}]}}